{"id":19,"date":"2023-09-02T17:42:31","date_gmt":"2023-09-02T20:42:31","guid":{"rendered":"https:\/\/py9mt.qsl.br\/?page_id=19"},"modified":"2023-09-05T15:48:36","modified_gmt":"2023-09-05T18:48:36","slug":"recomendacoes","status":"publish","type":"page","link":"https:\/\/py9mt.qsl.br\/index.php\/recomendacoes\/","title":{"rendered":"Recomenda\u00e7\u00f5es:"},"content":{"rendered":"\n<h2 class=\"wp-block-heading\">Recomenda\u00e7\u00f5es de p\u00e1ginas sobre radioamadorismo <\/h2>\n\n\n\n<h2 class=\"wp-block-heading\">Grupos de WhatsApp sobre radioamadorismo<\/h2>\n\n\n\n<h2 class=\"wp-block-heading\">Grupos de Telegram sobre Radioamadorismo<\/h2>\n","protected":false},"excerpt":{"rendered":"<p>Recomenda\u00e7\u00f5es de p\u00e1ginas sobre radioamadorismo Grupos de WhatsApp sobre radioamadorismo Grupos de Telegram sobre Radioamadorismo<\/p>\n","protected":false},"author":1,"featured_media":0,"parent":0,"menu_order":0,"comment_status":"closed","ping_status":"closed","template":"","meta":{"footnotes":""},"class_list":["post-19","page","type-page","status-publish","hentry"],"_links":{"self":[{"href":"https:\/\/py9mt.qsl.br\/index.php\/wp-json\/wp\/v2\/pages\/19","targetHints":{"allow":["GET"]}}],"collection":[{"href":"https:\/\/py9mt.qsl.br\/index.php\/wp-json\/wp\/v2\/pages"}],"about":[{"href":"https:\/\/py9mt.qsl.br\/index.php\/wp-json\/wp\/v2\/types\/page"}],"author":[{"embeddable":true,"href":"https:\/\/py9mt.qsl.br\/index.php\/wp-json\/wp\/v2\/users\/1"}],"replies":[{"embeddable":true,"href":"https:\/\/py9mt.qsl.br\/index.php\/wp-json\/wp\/v2\/comments?post=19"}],"version-history":[{"count":2,"href":"https:\/\/py9mt.qsl.br\/index.php\/wp-json\/wp\/v2\/pages\/19\/revisions"}],"predecessor-version":[{"id":44,"href":"https:\/\/py9mt.qsl.br\/index.php\/wp-json\/wp\/v2\/pages\/19\/revisions\/44"}],"wp:attachment":[{"href":"https:\/\/py9mt.qsl.br\/index.php\/wp-json\/wp\/v2\/media?parent=19"}],"curies":[{"name":"wp","href":"https:\/\/api.w.org\/{rel}","templated":true}]}}